{"id":2139,"date":"2021-04-15T09:08:15","date_gmt":"2021-04-15T07:08:15","guid":{"rendered":"https:\/\/www.hmtgmbh.de\/?page_id=2139"},"modified":"2024-07-04T17:56:08","modified_gmt":"2024-07-04T15:56:08","slug":"legal-notice","status":"publish","type":"page","link":"https:\/\/www.hmtgmbh.de\/en\/legal-notice\/","title":{"rendered":"LEGAL NOTICE"},"content":{"rendered":"\n<style type=\"text\/css\" data-created_by=\"avia_inline_auto\" id=\"style-css-av-kl19pfep-9b470dd70828e373bd37845261ceb62e\">\n.avia-section.av-kl19pfep-9b470dd70828e373bd37845261ceb62e{\nbackground-repeat:no-repeat;\nbackground-image:url(https:\/\/www.hmtgmbh.de\/wp-content\/uploads\/2021\/02\/hydraulische-pressen.jpg);\nbackground-position:50% 50%;\nbackground-attachment:scroll;\n}\n<\/style>\n<div id='special-teaser-section'  class='avia-section av-kl19pfep-9b470dd70828e373bd37845261ceb62e main_color avia-section-default avia-no-border-styling  avia-builder-el-0  el_before_av_section  avia-builder-el-first  avia-full-stretch avia-bg-style-scroll av-minimum-height av-minimum-height-custom av-height-custom  container_wrap fullsize'  data-section-bg-repeat='stretch' data-av_minimum_height_px='600'><div class='container av-section-cont-open' style='height:600px'><main  role=\"main\" itemprop=\"mainContentOfPage\"  class='template-page content  av-content-full alpha units'><div class='post-entry post-entry-type-page post-entry-2139'><div class='entry-content-wrapper clearfix'>\n\n<style type=\"text\/css\" data-created_by=\"avia_inline_auto\" id=\"style-css-av-19drs5-58eedc59265c80df959b74971e665695\">\n.flex_column.av-19drs5-58eedc59265c80df959b74971e665695{\nborder-radius:0px 0px 0px 0px;\npadding:0px 0px 0px 0px;\n}\n<\/style>\n<div  id=\"special-teaser\"  class='flex_column av-19drs5-58eedc59265c80df959b74971e665695 av_one_full  avia-builder-el-1  avia-builder-el-no-sibling  first flex_column_div av-zero-column-padding  '     ><style type=\"text\/css\" data-created_by=\"avia_inline_auto\" id=\"style-css-av-kl19oq4f-3d2c7bcb73b78d936292c1df1dcb39ca\">\n#top .av-special-heading.av-kl19oq4f-3d2c7bcb73b78d936292c1df1dcb39ca{\npadding-bottom:10px;\n}\nbody .av-special-heading.av-kl19oq4f-3d2c7bcb73b78d936292c1df1dcb39ca .av-special-heading-tag .heading-char{\nfont-size:25px;\n}\n.av-special-heading.av-kl19oq4f-3d2c7bcb73b78d936292c1df1dcb39ca .av-subheading{\nfont-size:15px;\n}\n<\/style>\n<div  id=\"teaser-headline\"  class='av-special-heading av-kl19oq4f-3d2c7bcb73b78d936292c1df1dcb39ca av-special-heading-h1 blockquote modern-quote  avia-builder-el-2  avia-builder-el-no-sibling '><h1 class='av-special-heading-tag '  itemprop=\"headline\"  >LEGAL NOTICE.<\/h1><div class=\"special-heading-border\"><div class=\"special-heading-inner-border\"><\/div><\/div><\/div><\/div>\n\n<\/div><\/div><\/main><!-- close content main element --><\/div><\/div><div id='av_section_2'  class='avia-section av-3ojst-7aad87f93885d5a245fe1d086aa2fb53 main_color avia-section-default avia-no-border-styling  avia-builder-el-3  el_after_av_section  avia-builder-el-last  avia-bg-style-scroll container_wrap fullsize'  ><div class='container av-section-cont-open' ><div class='template-page content  av-content-full alpha units'><div class='post-entry post-entry-type-page post-entry-2139'><div class='entry-content-wrapper clearfix'>\n<section  class='av_textblock_section av-yven1-6724d79972f6e057099181b52337316b '   itemscope=\"itemscope\" itemtype=\"https:\/\/schema.org\/CreativeWork\" ><div class='avia_textblock'  itemprop=\"text\" ><div class=\"breadcrumb breadcrumbs avia-breadcrumbs\"><div class=\"breadcrumb-trail\" ><span class=\"trail-before\"><span class=\"breadcrumb-title\">You are here:<\/span><\/span> <span  itemscope=\"itemscope\" itemtype=\"https:\/\/schema.org\/BreadcrumbList\" ><span  itemscope=\"itemscope\" itemtype=\"https:\/\/schema.org\/ListItem\" itemprop=\"itemListElement\" ><a itemprop=\"url\" href=\"https:\/\/www.hmtgmbh.de\/en\/\" title=\"HMT\" rel=\"home\" class=\"trail-begin\"><span itemprop=\"name\">Home<\/span><\/a><span itemprop=\"position\" class=\"hidden\">1<\/span><\/span><\/span><\/div><\/div>\n<\/div><\/section>\n<div class='flex_column_table av-ow2ol-43fae4bce2dd32d69c09f8b4f8514543 sc-av_one_half av-equal-height-column-flextable'>\n<style type=\"text\/css\" data-created_by=\"avia_inline_auto\" id=\"style-css-av-ow2ol-43fae4bce2dd32d69c09f8b4f8514543\">\n.flex_column.av-ow2ol-43fae4bce2dd32d69c09f8b4f8514543{\nborder-radius:0px 0px 0px 0px;\npadding:0px 0px 0px 0px;\n}\n<\/style>\n<div  class='flex_column av-ow2ol-43fae4bce2dd32d69c09f8b4f8514543 av_one_half  avia-builder-el-5  el_after_av_textblock  el_before_av_one_half  first flex_column_table_cell av-equal-height-column av-align-top av-zero-column-padding  column-top-margin'     ><p>\n<style type=\"text\/css\" data-created_by=\"avia_inline_auto\" id=\"style-css-av-n1hb1-a0c00f720b2973837652316d23dbb031\">\n#top .hr.av-n1hb1-a0c00f720b2973837652316d23dbb031{\nmargin-top:0px;\nmargin-bottom:0px;\n}\n.hr.av-n1hb1-a0c00f720b2973837652316d23dbb031 .hr-inner{\nwidth:100%;\nborder-color:#1e80c2;\n}\n<\/style>\n<div  id=\"custom-hr-line-blue\"  class='hr av-n1hb1-a0c00f720b2973837652316d23dbb031 hr-custom  avia-builder-el-6  el_before_av_heading  avia-builder-el-first  hr-center hr-icon-no'><span class='hr-inner inner-border-av-border-fat'><span class=\"hr-inner-style\"><\/span><\/span><\/div><br \/>\n\n<style type=\"text\/css\" data-created_by=\"avia_inline_auto\" id=\"style-css-av-kl19q6wl-135695b42289ab02c58edb910863bb33\">\n#top .av-special-heading.av-kl19q6wl-135695b42289ab02c58edb910863bb33{\npadding-bottom:10px;\n}\nbody .av-special-heading.av-kl19q6wl-135695b42289ab02c58edb910863bb33 .av-special-heading-tag .heading-char{\nfont-size:25px;\n}\n.av-special-heading.av-kl19q6wl-135695b42289ab02c58edb910863bb33 .av-subheading{\nfont-size:15px;\n}\n<\/style>\n<div  id=\"heading-no-top\"  class='av-special-heading av-kl19q6wl-135695b42289ab02c58edb910863bb33 av-special-heading-h4 blockquote modern-quote  avia-builder-el-7  el_after_av_hr  avia-builder-el-last '><h4 class='av-special-heading-tag '  itemprop=\"headline\"  >LEGAL NOTICE.<\/h4><div class=\"special-heading-border\"><div class=\"special-heading-inner-border\"><\/div><\/div><\/div><\/p><\/div><div class='av-flex-placeholder'><\/div>\n<style type=\"text\/css\" data-created_by=\"avia_inline_auto\" id=\"style-css-av-hsb4d-1ddbc8c0e01bb1e38474efb85daf6307\">\n.flex_column.av-hsb4d-1ddbc8c0e01bb1e38474efb85daf6307{\nborder-radius:0px 0px 0px 0px;\npadding:0px 0px 0px 0px;\n}\n<\/style>\n<div  class='flex_column av-hsb4d-1ddbc8c0e01bb1e38474efb85daf6307 av_one_half  avia-builder-el-8  el_after_av_one_half  el_before_av_one_full  flex_column_table_cell av-equal-height-column av-align-top av-zero-column-padding  column-top-margin'     ><\/div><\/div><!--close column table wrapper. Autoclose: 1 -->\n<style type=\"text\/css\" data-created_by=\"avia_inline_auto\" id=\"style-css-av-8cswd-abccaa98660f7e2339ee2e2f53c949d8\">\n.flex_column.av-8cswd-abccaa98660f7e2339ee2e2f53c949d8{\nborder-radius:0px 0px 0px 0px;\npadding:0px 0px 0px 0px;\n}\n<\/style>\n<div  class='flex_column av-8cswd-abccaa98660f7e2339ee2e2f53c949d8 av_one_full  avia-builder-el-9  el_after_av_one_half  avia-builder-el-last  first flex_column_div av-zero-column-padding  column-top-margin'     ><section  class='av_textblock_section av-kl1a2nwk-ae2bc801896741d4198073b042452794 '   itemscope=\"itemscope\" itemtype=\"https:\/\/schema.org\/CreativeWork\" ><div class='avia_textblock'  itemprop=\"text\" ><p><strong>Adress<\/strong><\/p>\n<p>HMT &#8211; H\u00e4seler Metall Technik GmbH<br \/>\nIndustriestra\u00dfe 5<br \/>\nD-78112 St. Georgen<\/p>\n<p><strong>CONTACT<\/strong><\/p>\n<p>Tel <a href=\"tel:+49%207724%20885-0\">+49 8221 27 67 822<\/a><br \/>\n<a href=\"mailto:hmtsales@hmtgmbh.de\">hmtsales@hmtgmbh.de<\/a><\/p>\n<p><strong>Management<\/strong><\/p>\n<p>Torsten Klimmer | Joachim H\u00f6lzl<br \/>\nCommercial register entry: Register Court Freiburg, HRB 600981<br \/>\nVAT ID: DE143003201 (Section 27a UStG (Umsatzsteuergesetz German VAT Act))<\/p>\n<p>Editorially responsible according to \u00a755 Abs. 2 RStV:<br \/>\nMr. Torsten Klimmer, address see above<\/p>\n<p><strong>Concept, design &amp; programming<\/strong><\/p>\n<p>Agentur BAUR KG<br \/>\nW\u00e4tteplatz 3<br \/>\n89312 G\u00fcnzburg<br \/>\nTel +49 8221 27 67 822<br \/>\n<a href=\"mailto:info@agentur-baur.com\">info@agentur-baur.com<\/a><br \/>\n<a href=\"https:\/\/www.agentur-baur.com\/\">www.agentur-baur.com<\/a><\/p>\n<p>Design based on web design by Ernst Klimmer GmbH,<br \/>\ncreated by:<br \/>\nmetavers GmbH<br \/>\nAlbert-Einstein-Stra\u00dfe 1<br \/>\n89340 Leipheim<br \/>\n<a href=\"https:\/\/www.metavers.de\/\" target=\"_blank\" rel=\"noopener\">https:\/\/www.metavers.de<\/a><\/p>\n<p><strong>Photos and image credits<\/strong><\/p>\n<p>Graphics \u00a9 by Agentur BAUR, <a href=\"https:\/\/www.agentur-baur.com\/\" target=\"_blank\" rel=\"noopener\">www.agentur-baur.com<\/a><br \/>\nPhotography \u00a9 by HagenFotoDesign, <a href=\"https:\/\/www.diehagens.com\/\" target=\"_blank\" rel=\"noopener\">www.diehagens.com<\/a><br \/>\nPhotography \u00a9 by Philipp R\u00f6ger, <a href=\"https:\/\/www.pr-pictures.de\/\" target=\"_blank\" rel=\"noopener\">www.pr-pictures.de<\/a><br \/>\nPhotography \u00a9 by Mario Kessler, <a href=\"https:\/\/www.fotocarle.de\/\" target=\"_blank\" rel=\"noopener\">www.fotocarle.de<\/a><\/p>\n<p><strong>Alternative dispute resolution and online dispute platform<\/strong><\/p>\n<p>The European Commission provides a platform for online dispute resolution (ODR). This can be reached at the following internet address: <a href=\"http:\/\/ec.europa.eu\/consumers\/odr\/\">http:\/\/ec.europa.eu\/consumers\/odr\/<\/a>. We are not willing or obliged to participate in any dispute resolution procedures by the consumer arbitration bodies.<\/p>\n<\/div><\/section><\/div>\n","protected":false},"excerpt":{"rendered":"","protected":false},"author":1,"featured_media":0,"parent":0,"menu_order":0,"comment_status":"closed","ping_status":"closed","template":"","meta":{"inline_featured_image":false,"footnotes":""},"class_list":["post-2139","page","type-page","status-publish","hentry"],"yoast_head":"<!-- This site is optimized with the Yoast SEO plugin v26.2 - https:\/\/yoast.com\/wordpress\/plugins\/seo\/ -->\n<title>Legal notice \u2013 HMT - H\u00e4seler Metall Technik GmbH<\/title>\n<meta name=\"description\" content=\"Managing Directors: Torsten Klimmer | Dr. Thomas Gl\u00f6kler | Joachim H\u00f6lzl. Concept, design &amp; programming: Agentur BAUR KG.\" \/>\n<meta name=\"robots\" content=\"noindex, nofollow\" \/>\n<meta property=\"og:locale\" content=\"en_US\" \/>\n<meta property=\"og:type\" content=\"article\" \/>\n<meta property=\"og:title\" content=\"Legal notice \u2013 HMT - H\u00e4seler Metall Technik GmbH\" \/>\n<meta property=\"og:description\" content=\"Managing Directors: Torsten Klimmer | Dr. Thomas Gl\u00f6kler | Joachim H\u00f6lzl. Concept, design &amp; programming: Agentur BAUR KG.\" \/>\n<meta property=\"og:url\" content=\"https:\/\/www.hmtgmbh.de\/en\/legal-notice\/\" \/>\n<meta property=\"og:site_name\" content=\"HMT\" \/>\n<meta property=\"article:modified_time\" content=\"2024-07-04T15:56:08+00:00\" \/>\n<meta name=\"twitter:card\" content=\"summary_large_image\" \/>\n<meta name=\"twitter:label1\" content=\"Est. reading time\" \/>\n\t<meta name=\"twitter:data1\" content=\"5 minutes\" \/>\n<script type=\"application\/ld+json\" class=\"yoast-schema-graph\">{\"@context\":\"https:\/\/schema.org\",\"@graph\":[{\"@type\":\"WebPage\",\"@id\":\"https:\/\/www.hmtgmbh.de\/en\/legal-notice\/\",\"url\":\"https:\/\/www.hmtgmbh.de\/en\/legal-notice\/\",\"name\":\"Legal notice \u2013 HMT - H\u00e4seler Metall Technik GmbH\",\"isPartOf\":{\"@id\":\"https:\/\/www.hmtgmbh.de\/en\/#website\"},\"datePublished\":\"2021-04-15T07:08:15+00:00\",\"dateModified\":\"2024-07-04T15:56:08+00:00\",\"description\":\"Managing Directors: Torsten Klimmer | Dr. Thomas Gl\u00f6kler | Joachim H\u00f6lzl. Concept, design & programming: Agentur BAUR KG.\",\"breadcrumb\":{\"@id\":\"https:\/\/www.hmtgmbh.de\/en\/legal-notice\/#breadcrumb\"},\"inLanguage\":\"en-US\",\"potentialAction\":[{\"@type\":\"ReadAction\",\"target\":[\"https:\/\/www.hmtgmbh.de\/en\/legal-notice\/\"]}]},{\"@type\":\"BreadcrumbList\",\"@id\":\"https:\/\/www.hmtgmbh.de\/en\/legal-notice\/#breadcrumb\",\"itemListElement\":[{\"@type\":\"ListItem\",\"position\":1,\"name\":\"Startseite\",\"item\":\"https:\/\/www.hmtgmbh.de\/en\/home\/\"},{\"@type\":\"ListItem\",\"position\":2,\"name\":\"LEGAL NOTICE\"}]},{\"@type\":\"WebSite\",\"@id\":\"https:\/\/www.hmtgmbh.de\/en\/#website\",\"url\":\"https:\/\/www.hmtgmbh.de\/en\/\",\"name\":\"HMT\",\"description\":\"DIE REINSTE PR\u00c4ZISION\",\"potentialAction\":[{\"@type\":\"SearchAction\",\"target\":{\"@type\":\"EntryPoint\",\"urlTemplate\":\"https:\/\/www.hmtgmbh.de\/en\/?s={search_term_string}\"},\"query-input\":{\"@type\":\"PropertyValueSpecification\",\"valueRequired\":true,\"valueName\":\"search_term_string\"}}],\"inLanguage\":\"en-US\"}]}<\/script>\n<!-- \/ Yoast SEO plugin. -->","yoast_head_json":{"title":"Legal notice \u2013 HMT - H\u00e4seler Metall Technik GmbH","description":"Managing Directors: Torsten Klimmer | Dr. Thomas Gl\u00f6kler | Joachim H\u00f6lzl. Concept, design & programming: Agentur BAUR KG.","robots":{"index":"noindex","follow":"nofollow"},"og_locale":"en_US","og_type":"article","og_title":"Legal notice \u2013 HMT - H\u00e4seler Metall Technik GmbH","og_description":"Managing Directors: Torsten Klimmer | Dr. Thomas Gl\u00f6kler | Joachim H\u00f6lzl. Concept, design & programming: Agentur BAUR KG.","og_url":"https:\/\/www.hmtgmbh.de\/en\/legal-notice\/","og_site_name":"HMT","article_modified_time":"2024-07-04T15:56:08+00:00","twitter_card":"summary_large_image","twitter_misc":{"Est. reading time":"5 minutes"},"schema":{"@context":"https:\/\/schema.org","@graph":[{"@type":"WebPage","@id":"https:\/\/www.hmtgmbh.de\/en\/legal-notice\/","url":"https:\/\/www.hmtgmbh.de\/en\/legal-notice\/","name":"Legal notice \u2013 HMT - H\u00e4seler Metall Technik GmbH","isPartOf":{"@id":"https:\/\/www.hmtgmbh.de\/en\/#website"},"datePublished":"2021-04-15T07:08:15+00:00","dateModified":"2024-07-04T15:56:08+00:00","description":"Managing Directors: Torsten Klimmer | Dr. Thomas Gl\u00f6kler | Joachim H\u00f6lzl. Concept, design & programming: Agentur BAUR KG.","breadcrumb":{"@id":"https:\/\/www.hmtgmbh.de\/en\/legal-notice\/#breadcrumb"},"inLanguage":"en-US","potentialAction":[{"@type":"ReadAction","target":["https:\/\/www.hmtgmbh.de\/en\/legal-notice\/"]}]},{"@type":"BreadcrumbList","@id":"https:\/\/www.hmtgmbh.de\/en\/legal-notice\/#breadcrumb","itemListElement":[{"@type":"ListItem","position":1,"name":"Startseite","item":"https:\/\/www.hmtgmbh.de\/en\/home\/"},{"@type":"ListItem","position":2,"name":"LEGAL NOTICE"}]},{"@type":"WebSite","@id":"https:\/\/www.hmtgmbh.de\/en\/#website","url":"https:\/\/www.hmtgmbh.de\/en\/","name":"HMT","description":"DIE REINSTE PR\u00c4ZISION","potentialAction":[{"@type":"SearchAction","target":{"@type":"EntryPoint","urlTemplate":"https:\/\/www.hmtgmbh.de\/en\/?s={search_term_string}"},"query-input":{"@type":"PropertyValueSpecification","valueRequired":true,"valueName":"search_term_string"}}],"inLanguage":"en-US"}]}},"_links":{"self":[{"href":"https:\/\/www.hmtgmbh.de\/en\/wp-json\/wp\/v2\/pages\/2139","targetHints":{"allow":["GET"]}}],"collection":[{"href":"https:\/\/www.hmtgmbh.de\/en\/wp-json\/wp\/v2\/pages"}],"about":[{"href":"https:\/\/www.hmtgmbh.de\/en\/wp-json\/wp\/v2\/types\/page"}],"author":[{"embeddable":true,"href":"https:\/\/www.hmtgmbh.de\/en\/wp-json\/wp\/v2\/users\/1"}],"replies":[{"embeddable":true,"href":"https:\/\/www.hmtgmbh.de\/en\/wp-json\/wp\/v2\/comments?post=2139"}],"version-history":[{"count":18,"href":"https:\/\/www.hmtgmbh.de\/en\/wp-json\/wp\/v2\/pages\/2139\/revisions"}],"predecessor-version":[{"id":3924,"href":"https:\/\/www.hmtgmbh.de\/en\/wp-json\/wp\/v2\/pages\/2139\/revisions\/3924"}],"wp:attachment":[{"href":"https:\/\/www.hmtgmbh.de\/en\/wp-json\/wp\/v2\/media?parent=2139"}],"curies":[{"name":"wp","href":"https:\/\/api.w.org\/{rel}","templated":true}]}}