{"id":3680,"date":"2023-11-28T12:50:00","date_gmt":"2023-11-28T11:50:00","guid":{"rendered":"https:\/\/www.hmtgmbh.de\/?page_id=3680"},"modified":"2023-12-07T11:07:36","modified_gmt":"2023-12-07T10:07:36","slug":"standortinfo","status":"publish","type":"page","link":"https:\/\/www.hmtgmbh.de\/de\/standortinfo\/","title":{"rendered":"Standortinfo"},"content":{"rendered":"<\/p>\n\n<style type=\"text\/css\" data-created_by=\"avia_inline_auto\" id=\"style-css-av-kku33egh-70ef5dc8654fcceaa98344429faf29e8\">\n.avia-section.av-kku33egh-70ef5dc8654fcceaa98344429faf29e8{\nbackground-repeat:no-repeat;\nbackground-image:url(https:\/\/www.hmtgmbh.de\/wp-content\/uploads\/2023\/11\/HMT_Standortmarketing_Banner_1940x600_neu.jpg);\nbackground-position:50% 50%;\nbackground-attachment:scroll;\n}\n<\/style>\n<div id='special-teaser-section'  class='avia-section av-kku33egh-70ef5dc8654fcceaa98344429faf29e8 main_color avia-section-default avia-no-border-styling  avia-builder-el-0  el_before_av_section  avia-builder-el-first  avia-full-stretch avia-bg-style-scroll av-minimum-height av-minimum-height-custom av-height-custom  container_wrap fullsize'  data-section-bg-repeat='stretch' data-av_minimum_height_px='600'><div class='container av-section-cont-open' style='height:600px'><main  role=\"main\" itemprop=\"mainContentOfPage\"  class='template-page content  av-content-full alpha units'><div class='post-entry post-entry-type-page post-entry-3680'><div class='entry-content-wrapper clearfix'>\n\n<style type=\"text\/css\" data-created_by=\"avia_inline_auto\" id=\"style-css-av-8flyr-bd0d2bc51f021611fdb96d4c97cbd275\">\n.flex_column.av-8flyr-bd0d2bc51f021611fdb96d4c97cbd275{\nborder-radius:0px 0px 0px 0px;\npadding:0px 0px 0px 0px;\n}\n<\/style>\n<div  id=\"special-teaser\"  class='flex_column av-8flyr-bd0d2bc51f021611fdb96d4c97cbd275 av_one_full  avia-builder-el-1  avia-builder-el-no-sibling  first flex_column_div av-zero-column-padding  '     ><style type=\"text\/css\" data-created_by=\"avia_inline_auto\" id=\"style-css-av-kku32l55-82226abaebada413c53f1e59aa74ea90\">\n#top .av-special-heading.av-kku32l55-82226abaebada413c53f1e59aa74ea90{\npadding-bottom:10px;\n}\nbody .av-special-heading.av-kku32l55-82226abaebada413c53f1e59aa74ea90 .av-special-heading-tag .heading-char{\nfont-size:25px;\n}\n.av-special-heading.av-kku32l55-82226abaebada413c53f1e59aa74ea90 .av-subheading{\nfont-size:15px;\n}\n<\/style>\n<div  id=\"teaser-headline\"  class='av-special-heading av-kku32l55-82226abaebada413c53f1e59aa74ea90 av-special-heading-h1 blockquote modern-quote  avia-builder-el-2  avia-builder-el-no-sibling '><h1 class='av-special-heading-tag '  itemprop=\"headline\"  >LEBEN <span class='special_amp'>&amp;<\/span> Arbeiten in St. Georgen.<\/h1><div class=\"special-heading-border\"><div class=\"special-heading-inner-border\"><\/div><\/div><\/div><\/div>\n\n<\/div><\/div><\/main><!-- close content main element --><\/div><\/div><div id='av_section_2'  class='avia-section av-upv4z-790f1e6249f16c2ebfb28a93d991687a main_color avia-section-default avia-no-border-styling  avia-builder-el-3  el_after_av_section  el_before_av_section  avia-bg-style-scroll container_wrap fullsize'  ><div class='container av-section-cont-open' ><div class='template-page content  av-content-full alpha units'><div class='post-entry post-entry-type-page post-entry-3680'><div class='entry-content-wrapper clearfix'>\n<section  class='av_textblock_section av-8c7uqr-b55e5837a40c2afd7e79199cfad00b3b '   itemscope=\"itemscope\" itemtype=\"https:\/\/schema.org\/CreativeWork\" ><div class='avia_textblock'  itemprop=\"text\" ><div class=\"breadcrumb breadcrumbs avia-breadcrumbs\"><div class=\"breadcrumb-trail\" ><span class=\"trail-before\"><span class=\"breadcrumb-title\">Du bist hier:<\/span><\/span> <span  itemscope=\"itemscope\" itemtype=\"https:\/\/schema.org\/BreadcrumbList\" ><span  itemscope=\"itemscope\" itemtype=\"https:\/\/schema.org\/ListItem\" itemprop=\"itemListElement\" ><a itemprop=\"url\" href=\"https:\/\/www.hmtgmbh.de\/de\/\" title=\"HMT\" rel=\"home\" class=\"trail-begin\"><span itemprop=\"name\">Startseite<\/span><\/a><span itemprop=\"position\" class=\"hidden\">1<\/span><\/span><\/span><\/div><\/div>\n<\/div><\/section>\n<div class='flex_column_table av-869thv-7e59c89caa063c1da4e00c2aec685c96 sc-av_one_half av-equal-height-column-flextable'>\n<style type=\"text\/css\" data-created_by=\"avia_inline_auto\" id=\"style-css-av-869thv-7e59c89caa063c1da4e00c2aec685c96\">\n.flex_column.av-869thv-7e59c89caa063c1da4e00c2aec685c96{\nborder-radius:0px 0px 0px 0px;\npadding:0px 0px 0px 0px;\n}\n<\/style>\n<div  class='flex_column av-869thv-7e59c89caa063c1da4e00c2aec685c96 av_one_half  avia-builder-el-5  el_after_av_textblock  el_before_av_one_half  first flex_column_table_cell av-equal-height-column av-align-top av-zero-column-padding  column-top-margin'     ><p>\n<style type=\"text\/css\" data-created_by=\"avia_inline_auto\" id=\"style-css-av-82fdp7-5615207285dba953124503493c4f5de5\">\n#top .hr.av-82fdp7-5615207285dba953124503493c4f5de5{\nmargin-top:0px;\nmargin-bottom:0px;\n}\n.hr.av-82fdp7-5615207285dba953124503493c4f5de5 .hr-inner{\nwidth:100%;\nborder-color:#1e80c2;\n}\n<\/style>\n<div  id=\"custom-hr-line-blue\"  class='hr av-82fdp7-5615207285dba953124503493c4f5de5 hr-custom  avia-builder-el-6  el_before_av_heading  avia-builder-el-first  hr-center hr-icon-no'><span class='hr-inner inner-border-av-border-fat'><span class=\"hr-inner-style\"><\/span><\/span><\/div><br \/>\n\n<style type=\"text\/css\" data-created_by=\"avia_inline_auto\" id=\"style-css-av-kkvae176-0b3d85bed9f37f00e688891955a62164\">\n#top .av-special-heading.av-kkvae176-0b3d85bed9f37f00e688891955a62164{\npadding-bottom:10px;\n}\nbody .av-special-heading.av-kkvae176-0b3d85bed9f37f00e688891955a62164 .av-special-heading-tag .heading-char{\nfont-size:25px;\n}\n.av-special-heading.av-kkvae176-0b3d85bed9f37f00e688891955a62164 .av-subheading{\nfont-size:15px;\n}\n<\/style>\n<div  id=\"heading-no-top\"  class='av-special-heading av-kkvae176-0b3d85bed9f37f00e688891955a62164 av-special-heading-h4 blockquote modern-quote  avia-builder-el-7  el_after_av_hr  avia-builder-el-last '><h4 class='av-special-heading-tag '  itemprop=\"headline\"  >Freizeit <span class='special_amp'>&amp;<\/span> Infrastruktur.<\/h4><div class=\"special-heading-border\"><div class=\"special-heading-inner-border\"><\/div><\/div><\/div><\/p><\/div><div class='av-flex-placeholder'><\/div>\n<style type=\"text\/css\" data-created_by=\"avia_inline_auto\" id=\"style-css-av-7voo1n-87a18303d8a0e6bd936c1bc375985362\">\n.flex_column.av-7voo1n-87a18303d8a0e6bd936c1bc375985362{\nborder-radius:0px 0px 0px 0px;\npadding:0px 0px 0px 0px;\n}\n<\/style>\n<div  class='flex_column av-7voo1n-87a18303d8a0e6bd936c1bc375985362 av_one_half  avia-builder-el-8  el_after_av_one_half  el_before_av_one_half  flex_column_table_cell av-equal-height-column av-align-top av-zero-column-padding  column-top-margin'     ><\/div><\/div><!--close column table wrapper. Autoclose: 1 --><div class='flex_column_table av-7minn7-7396fc05c47a7b4fb3bda7422998a5a6 sc-av_one_half av-equal-height-column-flextable'>\n<style type=\"text\/css\" data-created_by=\"avia_inline_auto\" id=\"style-css-av-7minn7-7396fc05c47a7b4fb3bda7422998a5a6\">\n.flex_column.av-7minn7-7396fc05c47a7b4fb3bda7422998a5a6{\nborder-radius:0px 0px 0px 0px;\npadding:0px 0px 0px 0px;\n}\n<\/style>\n<div  class='flex_column av-7minn7-7396fc05c47a7b4fb3bda7422998a5a6 av_one_half  avia-builder-el-9  el_after_av_one_half  el_before_av_one_half  first flex_column_table_cell av-equal-height-column av-align-top av-zero-column-padding  column-top-margin'     ><\/div><div class='av-flex-placeholder'><\/div>\n<style type=\"text\/css\" data-created_by=\"avia_inline_auto\" id=\"style-css-av-qcr9v-dadf23166fa8951af7198be6dd8a8580\">\n.flex_column.av-qcr9v-dadf23166fa8951af7198be6dd8a8580{\nborder-radius:0px 0px 0px 0px;\npadding:0px 0px 0px 0px;\n}\n<\/style>\n<div  class='flex_column av-qcr9v-dadf23166fa8951af7198be6dd8a8580 av_one_half  avia-builder-el-11  el_after_av_one_half  avia-builder-el-last  flex_column_table_cell av-equal-height-column av-align-top av-zero-column-padding  column-top-margin'     ><p>\n<style type=\"text\/css\" data-created_by=\"avia_inline_auto\" id=\"style-css-av-kkvae6xn-1e88825dec0cc3629d57be8d9a783800\">\n#top .av-special-heading.av-kkvae6xn-1e88825dec0cc3629d57be8d9a783800{\npadding-bottom:10px;\n}\nbody .av-special-heading.av-kkvae6xn-1e88825dec0cc3629d57be8d9a783800 .av-special-heading-tag .heading-char{\nfont-size:25px;\n}\n.av-special-heading.av-kkvae6xn-1e88825dec0cc3629d57be8d9a783800 .av-subheading{\nfont-size:15px;\n}\n<\/style>\n<div  id=\"specialfont-right\"  class='av-special-heading av-kkvae6xn-1e88825dec0cc3629d57be8d9a783800 av-special-heading-h3 blockquote modern-quote  avia-builder-el-12  el_before_av_textblock  avia-builder-el-first '><h3 class='av-special-heading-tag '  itemprop=\"headline\"  >Das bietet ihnen die Region St. Georgen.<\/h3><div class=\"special-heading-border\"><div class=\"special-heading-inner-border\"><\/div><\/div><\/div><br \/>\n<section  class='av_textblock_section av-kkvaejni-112f8baf70b58c526a8c49072a6e11b5 '   itemscope=\"itemscope\" itemtype=\"https:\/\/schema.org\/CreativeWork\" ><div class='avia_textblock'  itemprop=\"text\" ><p>Lernen Sie unseren Firmensitz St. Georgen und die Umgebung n\u00e4her kennen.<\/p>\n<p>Wer zu uns ins Team HMT H\u00e4seler Metall Technik GmbH kommt, soll sich sowohl bei der Arbeit als auch in der Freizeit wohl und willkommen f\u00fchlen. St. Georgen vereint Erholung mit moderner Industrie und Dienstleistung inmitten der wundersch\u00f6nen Natur des Schwarzwalds.<\/p>\n<p>Erfahren Sie hier alles \u00fcber Infrastruktur, vielf\u00e4ltige Bildungs- und abwechslungsreiche Freizeitangebote in der Region.<\/p>\n<\/div><\/section><\/p><\/div><\/div><!--close column table wrapper. Autoclose: 1 -->\n\n<\/div><\/div><\/div><!-- close content main div --><\/div><\/div><div id='av_section_3'  class='avia-section av-4gc41s-f584e4f27e039cf3fc4925bf9812c3ce main_color avia-section-default avia-no-border-styling  avia-builder-el-14  el_after_av_section  el_before_av_section  avia-bg-style-scroll container_wrap fullsize'  ><div class='container av-section-cont-open' ><div class='template-page content  av-content-full alpha units'><div class='post-entry post-entry-type-page post-entry-3680'><div class='entry-content-wrapper clearfix'>\n<div  class='flex_column av-2siwm8-e778d90a96e4e7738c7165ebf307133a av_one_full  avia-builder-el-15  avia-builder-el-no-sibling  first flex_column_div  '     ><\/div><\/div><\/div><\/div><!-- close content main div --><\/div><\/div>\n<style type=\"text\/css\" data-created_by=\"avia_inline_auto\" id=\"style-css-av-fx77n-9f3655b86545ec77194df2e3d6199744\">\n.avia-section.av-fx77n-9f3655b86545ec77194df2e3d6199744{\nbackground-color:#d0e1ea;\nbackground-image:unset;\n}\n<\/style>\n<div id='av_section_4'  class='avia-section av-fx77n-9f3655b86545ec77194df2e3d6199744 main_color avia-section-default avia-no-border-styling  avia-builder-el-17  el_after_av_section  avia-builder-el-last  avia-bg-style-scroll container_wrap fullsize'  ><div class='container av-section-cont-open' ><div class='template-page content  av-content-full alpha units'><div class='post-entry post-entry-type-page post-entry-3680'><div class='entry-content-wrapper clearfix'>\n\n<style type=\"text\/css\" data-created_by=\"avia_inline_auto\" id=\"style-css-av-ay1d7-6fdd180fb11fdcdedff95eaf8a11b67a\">\n.flex_column.av-ay1d7-6fdd180fb11fdcdedff95eaf8a11b67a{\nborder-radius:0px 0px 0px 0px;\npadding:0px 0px 0px 0px;\n}\n<\/style>\n<div  class='flex_column av-ay1d7-6fdd180fb11fdcdedff95eaf8a11b67a av_one_full  avia-builder-el-18  avia-builder-el-no-sibling  first flex_column_div av-zero-column-padding  '     ><p>\n<style type=\"text\/css\" data-created_by=\"avia_inline_auto\" id=\"style-css-av-kl1d7pno-22571d85cc4b821133d9b92a47282431\">\n#top .av-special-heading.av-kl1d7pno-22571d85cc4b821133d9b92a47282431{\npadding-bottom:10px;\n}\nbody .av-special-heading.av-kl1d7pno-22571d85cc4b821133d9b92a47282431 .av-special-heading-tag .heading-char{\nfont-size:25px;\n}\n.av-special-heading.av-kl1d7pno-22571d85cc4b821133d9b92a47282431 .av-subheading{\nfont-size:15px;\n}\n<\/style>\n<div  id=\"specialfont-right\"  class='av-special-heading av-kl1d7pno-22571d85cc4b821133d9b92a47282431 av-special-heading-h3 blockquote modern-quote modern-centered  avia-builder-el-19  el_before_av_textblock  avia-builder-el-first '><h3 class='av-special-heading-tag '  itemprop=\"headline\"  >Neugierig geworden?<\/h3><div class=\"special-heading-border\"><div class=\"special-heading-inner-border\"><\/div><\/div><\/div><br \/>\n<section  id=\"kontakt-text-blue\"  class='av_textblock_section av-kl1d85gr-2a164285370412df8ecb040a61b260bd '   itemscope=\"itemscope\" itemtype=\"https:\/\/schema.org\/CreativeWork\" ><div class='avia_textblock'  itemprop=\"text\" ><p style=\"text-align: center;\">Finden Sie die f\u00fcr Sie passende Stelle und bewerben Sie sich jetzt.<\/p>\n<p style=\"text-align: center;\">Nichts passendes f\u00fcr Sie dabei? Wir sind st\u00e4ndig auf der Suche nach entsprechenden Talenten und freuen uns auf Ihre Initiativbewerbung.<\/p>\n<\/div><\/section><br \/>\n<div  class='avia-button-wrap av-lfuxnv3z-3bf53f71763819792404f65f55333509-wrap avia-button-center  avia-builder-el-21  el_after_av_textblock  el_before_av_heading '><a href='https:\/\/www.hmtgmbh.de\/de\/karriere\/stellenangebote\/'  class='avia-button av-lfuxnv3z-3bf53f71763819792404f65f55333509 av-link-btn avia-icon_select-no avia-size-small avia-position-center avia-color-theme-color'   aria-label=\"Zu den Stellenanzeigen\"><span class='avia_iconbox_title' >Zu den Stellenanzeigen<\/span><\/a><\/div><br \/>\n\n<style type=\"text\/css\" data-created_by=\"avia_inline_auto\" id=\"style-css-av-kl1d8or9-c3a66c21fa645515695139d234d123ab\">\n#top .av-special-heading.av-kl1d8or9-c3a66c21fa645515695139d234d123ab{\npadding-bottom:10px;\n}\nbody .av-special-heading.av-kl1d8or9-c3a66c21fa645515695139d234d123ab .av-special-heading-tag .heading-char{\nfont-size:25px;\n}\n.av-special-heading.av-kl1d8or9-c3a66c21fa645515695139d234d123ab .av-subheading{\nfont-size:15px;\n}\n<\/style>\n<div  id=\"specialfont-right\"  class='av-special-heading av-kl1d8or9-c3a66c21fa645515695139d234d123ab av-special-heading-h4 blockquote modern-quote modern-centered  avia-builder-el-22  el_after_av_button  el_before_av_textblock '><h4 class='av-special-heading-tag '  itemprop=\"headline\"  >Ihr Ansprechpartner bei uns:<\/h4><div class=\"special-heading-border\"><div class=\"special-heading-inner-border\"><\/div><\/div><\/div><br \/>\n<section  id=\"kontakt-text-blue\"  class='av_textblock_section av-kl1d9a80-9363699b389db3168d81f11d9b7a70c2 '   itemscope=\"itemscope\" itemtype=\"https:\/\/schema.org\/CreativeWork\" ><div class='avia_textblock'  itemprop=\"text\" ><p style=\"text-align: center;\">Jasmin Ohmke<br \/>\nPersonalreferentin der HMT &#8211; H\u00e4seler Metall Technik GmbH, St. Georgen<\/p>\n<\/div><\/section><\/p><\/div>\n<\/p>\n","protected":false},"excerpt":{"rendered":"","protected":false},"author":2,"featured_media":0,"parent":0,"menu_order":0,"comment_status":"closed","ping_status":"closed","template":"","meta":{"inline_featured_image":false,"footnotes":""},"class_list":["post-3680","page","type-page","status-publish","hentry"],"yoast_head":"<!-- This site is optimized with the Yoast SEO plugin v26.2 - https:\/\/yoast.com\/wordpress\/plugins\/seo\/ -->\n<title>Arbeiten bei HMT - Standortinfo<\/title>\n<meta name=\"description\" content=\"Wir suchen Mitarbeiter! Erfahren Sie hier alles \u00fcber unseren Firmenstandort St. Georgen. Lage. Infrastruktur. Freizeit &amp; Kultur.\" \/>\n<meta name=\"robots\" content=\"noindex, follow\" \/>\n<meta property=\"og:locale\" content=\"de_DE\" \/>\n<meta property=\"og:type\" content=\"article\" \/>\n<meta property=\"og:title\" content=\"Arbeiten bei HMT - Standortinfo\" \/>\n<meta property=\"og:description\" content=\"Wir suchen Mitarbeiter! Erfahren Sie hier alles \u00fcber unseren Firmenstandort St. Georgen. Lage. Infrastruktur. Freizeit &amp; Kultur.\" \/>\n<meta property=\"og:url\" content=\"https:\/\/www.hmtgmbh.de\/de\/standortinfo\/\" \/>\n<meta property=\"og:site_name\" content=\"HMT\" \/>\n<meta property=\"article:modified_time\" content=\"2023-12-07T10:07:36+00:00\" \/>\n<meta name=\"twitter:card\" content=\"summary_large_image\" \/>\n<meta name=\"twitter:label1\" content=\"Gesch\u00e4tzte Lesezeit\" \/>\n\t<meta name=\"twitter:data1\" content=\"8\u00a0Minuten\" \/>\n<script type=\"application\/ld+json\" class=\"yoast-schema-graph\">{\"@context\":\"https:\/\/schema.org\",\"@graph\":[{\"@type\":\"WebPage\",\"@id\":\"https:\/\/www.hmtgmbh.de\/de\/standortinfo\/\",\"url\":\"https:\/\/www.hmtgmbh.de\/de\/standortinfo\/\",\"name\":\"Arbeiten bei HMT - Standortinfo\",\"isPartOf\":{\"@id\":\"https:\/\/www.hmtgmbh.de\/de\/#website\"},\"datePublished\":\"2023-11-28T11:50:00+00:00\",\"dateModified\":\"2023-12-07T10:07:36+00:00\",\"description\":\"Wir suchen Mitarbeiter! Erfahren Sie hier alles \u00fcber unseren Firmenstandort St. Georgen. Lage. Infrastruktur. Freizeit & Kultur.\",\"breadcrumb\":{\"@id\":\"https:\/\/www.hmtgmbh.de\/de\/standortinfo\/#breadcrumb\"},\"inLanguage\":\"de\",\"potentialAction\":[{\"@type\":\"ReadAction\",\"target\":[\"https:\/\/www.hmtgmbh.de\/de\/standortinfo\/\"]}]},{\"@type\":\"BreadcrumbList\",\"@id\":\"https:\/\/www.hmtgmbh.de\/de\/standortinfo\/#breadcrumb\",\"itemListElement\":[{\"@type\":\"ListItem\",\"position\":1,\"name\":\"Startseite\",\"item\":\"https:\/\/www.hmtgmbh.de\/de\/startseite\/\"},{\"@type\":\"ListItem\",\"position\":2,\"name\":\"Standortinfo\"}]},{\"@type\":\"WebSite\",\"@id\":\"https:\/\/www.hmtgmbh.de\/de\/#website\",\"url\":\"https:\/\/www.hmtgmbh.de\/de\/\",\"name\":\"HMT\",\"description\":\"DIE REINSTE PR\u00c4ZISION\",\"potentialAction\":[{\"@type\":\"SearchAction\",\"target\":{\"@type\":\"EntryPoint\",\"urlTemplate\":\"https:\/\/www.hmtgmbh.de\/de\/?s={search_term_string}\"},\"query-input\":{\"@type\":\"PropertyValueSpecification\",\"valueRequired\":true,\"valueName\":\"search_term_string\"}}],\"inLanguage\":\"de\"}]}<\/script>\n<!-- \/ Yoast SEO plugin. -->","yoast_head_json":{"title":"Arbeiten bei HMT - Standortinfo","description":"Wir suchen Mitarbeiter! Erfahren Sie hier alles \u00fcber unseren Firmenstandort St. Georgen. Lage. Infrastruktur. Freizeit & Kultur.","robots":{"index":"noindex","follow":"follow"},"og_locale":"de_DE","og_type":"article","og_title":"Arbeiten bei HMT - Standortinfo","og_description":"Wir suchen Mitarbeiter! Erfahren Sie hier alles \u00fcber unseren Firmenstandort St. Georgen. Lage. Infrastruktur. Freizeit & Kultur.","og_url":"https:\/\/www.hmtgmbh.de\/de\/standortinfo\/","og_site_name":"HMT","article_modified_time":"2023-12-07T10:07:36+00:00","twitter_card":"summary_large_image","twitter_misc":{"Gesch\u00e4tzte Lesezeit":"8\u00a0Minuten"},"schema":{"@context":"https:\/\/schema.org","@graph":[{"@type":"WebPage","@id":"https:\/\/www.hmtgmbh.de\/de\/standortinfo\/","url":"https:\/\/www.hmtgmbh.de\/de\/standortinfo\/","name":"Arbeiten bei HMT - Standortinfo","isPartOf":{"@id":"https:\/\/www.hmtgmbh.de\/de\/#website"},"datePublished":"2023-11-28T11:50:00+00:00","dateModified":"2023-12-07T10:07:36+00:00","description":"Wir suchen Mitarbeiter! Erfahren Sie hier alles \u00fcber unseren Firmenstandort St. Georgen. Lage. Infrastruktur. Freizeit & Kultur.","breadcrumb":{"@id":"https:\/\/www.hmtgmbh.de\/de\/standortinfo\/#breadcrumb"},"inLanguage":"de","potentialAction":[{"@type":"ReadAction","target":["https:\/\/www.hmtgmbh.de\/de\/standortinfo\/"]}]},{"@type":"BreadcrumbList","@id":"https:\/\/www.hmtgmbh.de\/de\/standortinfo\/#breadcrumb","itemListElement":[{"@type":"ListItem","position":1,"name":"Startseite","item":"https:\/\/www.hmtgmbh.de\/de\/startseite\/"},{"@type":"ListItem","position":2,"name":"Standortinfo"}]},{"@type":"WebSite","@id":"https:\/\/www.hmtgmbh.de\/de\/#website","url":"https:\/\/www.hmtgmbh.de\/de\/","name":"HMT","description":"DIE REINSTE PR\u00c4ZISION","potentialAction":[{"@type":"SearchAction","target":{"@type":"EntryPoint","urlTemplate":"https:\/\/www.hmtgmbh.de\/de\/?s={search_term_string}"},"query-input":{"@type":"PropertyValueSpecification","valueRequired":true,"valueName":"search_term_string"}}],"inLanguage":"de"}]}},"_links":{"self":[{"href":"https:\/\/www.hmtgmbh.de\/de\/wp-json\/wp\/v2\/pages\/3680","targetHints":{"allow":["GET"]}}],"collection":[{"href":"https:\/\/www.hmtgmbh.de\/de\/wp-json\/wp\/v2\/pages"}],"about":[{"href":"https:\/\/www.hmtgmbh.de\/de\/wp-json\/wp\/v2\/types\/page"}],"author":[{"embeddable":true,"href":"https:\/\/www.hmtgmbh.de\/de\/wp-json\/wp\/v2\/users\/2"}],"replies":[{"embeddable":true,"href":"https:\/\/www.hmtgmbh.de\/de\/wp-json\/wp\/v2\/comments?post=3680"}],"version-history":[{"count":66,"href":"https:\/\/www.hmtgmbh.de\/de\/wp-json\/wp\/v2\/pages\/3680\/revisions"}],"predecessor-version":[{"id":3840,"href":"https:\/\/www.hmtgmbh.de\/de\/wp-json\/wp\/v2\/pages\/3680\/revisions\/3840"}],"wp:attachment":[{"href":"https:\/\/www.hmtgmbh.de\/de\/wp-json\/wp\/v2\/media?parent=3680"}],"curies":[{"name":"wp","href":"https:\/\/api.w.org\/{rel}","templated":true}]}}