{"id":1306,"date":"2021-02-22T14:47:06","date_gmt":"2021-02-22T13:47:06","guid":{"rendered":"https:\/\/www.hmtgmbh.de\/?page_id=1306"},"modified":"2026-03-31T09:08:03","modified_gmt":"2026-03-31T07:08:03","slug":"werkzeugbau","status":"publish","type":"page","link":"https:\/\/www.hmtgmbh.de\/de\/werkzeugbau\/","title":{"rendered":"Werkzeugbau"},"content":{"rendered":"\n<style type=\"text\/css\" data-created_by=\"avia_inline_auto\" id=\"style-css-av-klgmd031-ef980f7ad25e46696a740773843abed2\">\n.avia-section.av-klgmd031-ef980f7ad25e46696a740773843abed2{\nbackground-repeat:no-repeat;\nbackground-image:url(https:\/\/www.hmtgmbh.de\/wp-content\/uploads\/2021\/03\/Werkzeugbau_mobil.jpg);\nbackground-position:50% 100%;\nbackground-attachment:scroll;\n}\n<\/style>\n<div id='special-teaser-section'  class='avia-section av-klgmd031-ef980f7ad25e46696a740773843abed2 main_color avia-section-default avia-no-border-styling  avia-builder-el-0  el_before_av_section  avia-builder-el-first  av-desktop-hide av-medium-hide av-small-hide avia-full-stretch avia-bg-style-scroll av-minimum-height av-minimum-height-custom av-height-custom  container_wrap fullsize'  data-section-bg-repeat='stretch' data-av_minimum_height_px='250'><div class='container av-section-cont-open' style='height:250px'><main  role=\"main\" itemprop=\"mainContentOfPage\"  class='template-page content  av-content-full alpha units'><div class='post-entry post-entry-type-page post-entry-1306'><div class='entry-content-wrapper clearfix'>\n\n<style type=\"text\/css\" data-created_by=\"avia_inline_auto\" id=\"style-css-av-hqx54q-7991f896a847ef6a4decccbf10f495e1\">\n.flex_column.av-hqx54q-7991f896a847ef6a4decccbf10f495e1{\nborder-radius:0px 0px 0px 0px;\npadding:0px 0px 0px 0px;\n}\n<\/style>\n<div  id=\"special-teaser\"  class='flex_column av-hqx54q-7991f896a847ef6a4decccbf10f495e1 av_one_full  avia-builder-el-1  avia-builder-el-no-sibling  first flex_column_div av-zero-column-padding  '     ><style type=\"text\/css\" data-created_by=\"avia_inline_auto\" id=\"style-css-av-1moaoa-e053c82b8d7867ae6d1fe9b56c2eba26\">\n#top .av-special-heading.av-1moaoa-e053c82b8d7867ae6d1fe9b56c2eba26{\npadding-bottom:10px;\n}\nbody .av-special-heading.av-1moaoa-e053c82b8d7867ae6d1fe9b56c2eba26 .av-special-heading-tag .heading-char{\nfont-size:25px;\n}\n.av-special-heading.av-1moaoa-e053c82b8d7867ae6d1fe9b56c2eba26 .av-subheading{\nfont-size:15px;\n}\n<\/style>\n<div  id=\"teaser-headline\"  class='av-special-heading av-1moaoa-e053c82b8d7867ae6d1fe9b56c2eba26 av-special-heading-h1 blockquote modern-quote  avia-builder-el-2  avia-builder-el-no-sibling '><h1 class='av-special-heading-tag '  itemprop=\"headline\"  >Bestens ger\u00fcstet.<\/h1><div class=\"special-heading-border\"><div class=\"special-heading-inner-border\"><\/div><\/div><\/div><\/div>\n\n<\/div><\/div><\/main><!-- close content main element --><\/div><\/div>\n<style type=\"text\/css\" data-created_by=\"avia_inline_auto\" id=\"style-css-av-kljak4zk-c13e841cc5aed43c8aa4e8c3eb584b23\">\n.avia-section.av-kljak4zk-c13e841cc5aed43c8aa4e8c3eb584b23{\nbackground-repeat:no-repeat;\nbackground-image:url(https:\/\/www.hmtgmbh.de\/wp-content\/uploads\/2021\/02\/Header_Werkzeugbau.jpg);\nbackground-position:50% 50%;\nbackground-attachment:scroll;\n}\n<\/style>\n<div id='special-teaser-section'  class='avia-section av-kljak4zk-c13e841cc5aed43c8aa4e8c3eb584b23 main_color avia-section-default avia-no-border-styling  avia-builder-el-3  el_after_av_section  el_before_av_section  av-mini-hide avia-full-stretch avia-bg-style-scroll av-minimum-height av-minimum-height-custom av-height-custom  container_wrap fullsize'  data-section-bg-repeat='stretch' data-av_minimum_height_px='600'><div class='container av-section-cont-open' style='height:600px'><div class='template-page content  av-content-full alpha units'><div class='post-entry post-entry-type-page post-entry-1306'><div class='entry-content-wrapper clearfix'>\n\n<style type=\"text\/css\" data-created_by=\"avia_inline_auto\" id=\"style-css-av-4hfhyy-ef641d703f1871ec3c87c26e39f8f4bc\">\n.flex_column.av-4hfhyy-ef641d703f1871ec3c87c26e39f8f4bc{\nborder-radius:0px 0px 0px 0px;\npadding:0px 0px 0px 0px;\n}\n<\/style>\n<div  id=\"special-teaser\"  class='flex_column av-4hfhyy-ef641d703f1871ec3c87c26e39f8f4bc av_one_full  avia-builder-el-4  avia-builder-el-no-sibling  first flex_column_div av-zero-column-padding  '     ><style type=\"text\/css\" data-created_by=\"avia_inline_auto\" id=\"style-css-av-23qsl6-fc2a7da1172b735211bbbcd90ab8b861\">\n#top .av-special-heading.av-23qsl6-fc2a7da1172b735211bbbcd90ab8b861{\npadding-bottom:10px;\n}\nbody .av-special-heading.av-23qsl6-fc2a7da1172b735211bbbcd90ab8b861 .av-special-heading-tag .heading-char{\nfont-size:25px;\n}\n.av-special-heading.av-23qsl6-fc2a7da1172b735211bbbcd90ab8b861 .av-subheading{\nfont-size:15px;\n}\n<\/style>\n<div  id=\"teaser-headline\"  class='av-special-heading av-23qsl6-fc2a7da1172b735211bbbcd90ab8b861 av-special-heading-h1 blockquote modern-quote  avia-builder-el-5  avia-builder-el-no-sibling '><h1 class='av-special-heading-tag '  itemprop=\"headline\"  >Bestens ger\u00fcstet.<\/h1><div class=\"special-heading-border\"><div class=\"special-heading-inner-border\"><\/div><\/div><\/div><\/div>\n\n<\/div><\/div><\/div><!-- close content main div --><\/div><\/div><div id='av_section_3'  class='avia-section av-dn1hwa-4bf1d825bbf57bca2ceb627936d65a60 main_color avia-section-default avia-no-border-styling  avia-builder-el-6  el_after_av_section  avia-builder-el-last  avia-bg-style-scroll container_wrap fullsize'  ><div class='container av-section-cont-open' ><div class='template-page content  av-content-full alpha units'><div class='post-entry post-entry-type-page post-entry-1306'><div class='entry-content-wrapper clearfix'>\n<section  class='av_textblock_section av-coy02y-c41875b4bc8415044effd198898ef087 '   itemscope=\"itemscope\" itemtype=\"https:\/\/schema.org\/CreativeWork\" ><div class='avia_textblock'  itemprop=\"text\" ><div class=\"breadcrumb breadcrumbs avia-breadcrumbs\"><div class=\"breadcrumb-trail\" ><span class=\"trail-before\"><span class=\"breadcrumb-title\">Du bist hier:<\/span><\/span> <span  itemscope=\"itemscope\" itemtype=\"https:\/\/schema.org\/BreadcrumbList\" ><span  itemscope=\"itemscope\" itemtype=\"https:\/\/schema.org\/ListItem\" itemprop=\"itemListElement\" ><a itemprop=\"url\" href=\"https:\/\/www.hmtgmbh.de\/de\/\" title=\"HMT\" rel=\"home\" class=\"trail-begin\"><span itemprop=\"name\">Startseite<\/span><\/a><span itemprop=\"position\" class=\"hidden\">1<\/span><\/span><\/span><\/div><\/div>\n<\/div><\/section>\n<div class='flex_column_table av-bd7gsq-485368ac8677d048016687b1318b981a sc-av_one_half av-equal-height-column-flextable'>\n<style type=\"text\/css\" data-created_by=\"avia_inline_auto\" id=\"style-css-av-bd7gsq-485368ac8677d048016687b1318b981a\">\n.flex_column.av-bd7gsq-485368ac8677d048016687b1318b981a{\nborder-radius:0px 0px 0px 0px;\npadding:0px 0px 0px 0px;\n}\n<\/style>\n<div  class='flex_column av-bd7gsq-485368ac8677d048016687b1318b981a av_one_half  avia-builder-el-8  el_after_av_textblock  el_before_av_one_half  first flex_column_table_cell av-equal-height-column av-align-top av-zero-column-padding  column-top-margin'     ><p>\n<style type=\"text\/css\" data-created_by=\"avia_inline_auto\" id=\"style-css-av-8rarju-de5a8c3d9e0bcbfadc10277e480f213c\">\n#top .hr.av-8rarju-de5a8c3d9e0bcbfadc10277e480f213c{\nmargin-top:0px;\nmargin-bottom:0px;\n}\n.hr.av-8rarju-de5a8c3d9e0bcbfadc10277e480f213c .hr-inner{\nwidth:100%;\nborder-color:#1e80c2;\n}\n<\/style>\n<div  id=\"custom-hr-line-blue\"  class='hr av-8rarju-de5a8c3d9e0bcbfadc10277e480f213c hr-custom  avia-builder-el-9  el_before_av_heading  avia-builder-el-first  hr-center hr-icon-no'><span class='hr-inner inner-border-av-border-fat'><span class=\"hr-inner-style\"><\/span><\/span><\/div><br \/>\n\n<style type=\"text\/css\" data-created_by=\"avia_inline_auto\" id=\"style-css-av-klgmrmjd-e060f11656b95b949d4b61cc424b3b64\">\n#top .av-special-heading.av-klgmrmjd-e060f11656b95b949d4b61cc424b3b64{\npadding-bottom:10px;\n}\nbody .av-special-heading.av-klgmrmjd-e060f11656b95b949d4b61cc424b3b64 .av-special-heading-tag .heading-char{\nfont-size:25px;\n}\n.av-special-heading.av-klgmrmjd-e060f11656b95b949d4b61cc424b3b64 .av-subheading{\nfont-size:15px;\n}\n<\/style>\n<div  id=\"heading-no-top\"  class='av-special-heading av-klgmrmjd-e060f11656b95b949d4b61cc424b3b64 av-special-heading-h4 blockquote modern-quote  avia-builder-el-10  el_after_av_hr  avia-builder-el-last '><h4 class='av-special-heading-tag '  itemprop=\"headline\"  >Werkzeugbau.<\/h4><div class=\"special-heading-border\"><div class=\"special-heading-inner-border\"><\/div><\/div><\/div><\/p><\/div><div class='av-flex-placeholder'><\/div>\n<style type=\"text\/css\" data-created_by=\"avia_inline_auto\" id=\"style-css-av-7qrlve-1d0d7d63763dfbc3eabd5d4e558e9a43\">\n.flex_column.av-7qrlve-1d0d7d63763dfbc3eabd5d4e558e9a43{\nborder-radius:0px 0px 0px 0px;\npadding:0px 0px 0px 0px;\n}\n<\/style>\n<div  class='flex_column av-7qrlve-1d0d7d63763dfbc3eabd5d4e558e9a43 av_one_half  avia-builder-el-11  el_after_av_one_half  el_before_av_one_half  flex_column_table_cell av-equal-height-column av-align-top av-zero-column-padding  column-top-margin'     ><\/div><\/div><!--close column table wrapper. Autoclose: 1 --><div class='flex_column_table av-5nvhoq-97b61b2605cb85c4a2bc48315d301c1d sc-av_one_half av-equal-height-column-flextable'>\n<style type=\"text\/css\" data-created_by=\"avia_inline_auto\" id=\"style-css-av-5nvhoq-97b61b2605cb85c4a2bc48315d301c1d\">\n.flex_column.av-5nvhoq-97b61b2605cb85c4a2bc48315d301c1d{\nborder-radius:0px 0px 0px 0px;\npadding:0px 0px 0px 0px;\n}\n<\/style>\n<div  class='flex_column av-5nvhoq-97b61b2605cb85c4a2bc48315d301c1d av_one_half  avia-builder-el-12  el_after_av_one_half  el_before_av_one_half  first flex_column_table_cell av-equal-height-column av-align-top av-zero-column-padding  column-top-margin'     ><style type=\"text\/css\" data-created_by=\"avia_inline_auto\" id=\"style-css-av-3xau0a-818aa1c643bb7eb0838df8fafd2eef5d\">\n.avia-image-container.av-3xau0a-818aa1c643bb7eb0838df8fafd2eef5d img.avia_image{\nbox-shadow:none;\n}\n.avia-image-container.av-3xau0a-818aa1c643bb7eb0838df8fafd2eef5d .av-image-caption-overlay-center{\ncolor:#ffffff;\n}\n<\/style>\n<div  class='avia-image-container av-3xau0a-818aa1c643bb7eb0838df8fafd2eef5d av-styling- avia-align-center  avia-builder-el-13  avia-builder-el-no-sibling '   itemprop=\"image\" itemscope=\"itemscope\" itemtype=\"https:\/\/schema.org\/ImageObject\" ><div class=\"avia-image-container-inner\"><div class=\"avia-image-overlay-wrap\"><img decoding=\"async\" fetchpriority=\"high\" class='wp-image-533 avia-img-lazy-loading-not-533 avia_image ' src=\"https:\/\/www.hmtgmbh.de\/wp-content\/uploads\/2021\/02\/prototypenbau.jpg\" alt='' title='prototypenbau'  height=\"1050\" width=\"1250\"  itemprop=\"thumbnailUrl\" srcset=\"https:\/\/www.hmtgmbh.de\/wp-content\/uploads\/2021\/02\/prototypenbau.jpg 1250w, https:\/\/www.hmtgmbh.de\/wp-content\/uploads\/2021\/02\/prototypenbau-300x252.jpg 300w, https:\/\/www.hmtgmbh.de\/wp-content\/uploads\/2021\/02\/prototypenbau-1030x865.jpg 1030w, https:\/\/www.hmtgmbh.de\/wp-content\/uploads\/2021\/02\/prototypenbau-768x645.jpg 768w\" sizes=\"(max-width: 1250px) 100vw, 1250px\" \/><\/div><\/div><\/div><\/div><div class='av-flex-placeholder'><\/div>\n<style type=\"text\/css\" data-created_by=\"avia_inline_auto\" id=\"style-css-av-31znay-39bd516c873086e2177ed8505211e32c\">\n.flex_column.av-31znay-39bd516c873086e2177ed8505211e32c{\nborder-radius:0px 0px 0px 0px;\npadding:0px 0px 0px 0px;\n}\n<\/style>\n<div  class='flex_column av-31znay-39bd516c873086e2177ed8505211e32c av_one_half  avia-builder-el-14  el_after_av_one_half  avia-builder-el-last  flex_column_table_cell av-equal-height-column av-align-top av-zero-column-padding  column-top-margin'     ><p>\n<style type=\"text\/css\" data-created_by=\"avia_inline_auto\" id=\"style-css-av-klgmsdej-9b0a5642335fab7d2ced07386e0837d7\">\n#top .av-special-heading.av-klgmsdej-9b0a5642335fab7d2ced07386e0837d7{\npadding-bottom:10px;\n}\nbody .av-special-heading.av-klgmsdej-9b0a5642335fab7d2ced07386e0837d7 .av-special-heading-tag .heading-char{\nfont-size:25px;\n}\n.av-special-heading.av-klgmsdej-9b0a5642335fab7d2ced07386e0837d7 .av-subheading{\nfont-size:15px;\n}\n<\/style>\n<div  id=\"specialfont-right\"  class='av-special-heading av-klgmsdej-9b0a5642335fab7d2ced07386e0837d7 av-special-heading-h3 blockquote modern-quote  avia-builder-el-15  el_before_av_textblock  avia-builder-el-first '><h3 class='av-special-heading-tag '  itemprop=\"headline\"  >Werkzeugbau bei HMT.<\/h3><div class=\"special-heading-border\"><div class=\"special-heading-inner-border\"><\/div><\/div><\/div><br \/>\n<section  class='av_textblock_section av-klgmub6r-348fb7d240a028f908cab07cf4d3dd79 '   itemscope=\"itemscope\" itemtype=\"https:\/\/schema.org\/CreativeWork\" ><div class='avia_textblock'  itemprop=\"text\" ><p>Wir beherrschen die Entwicklung, Simulation und Konstruktion der komplexesten Stanz- und Umformwerkzeuge f\u00fcr die eigene Serienproduktion sowie der zugeh\u00f6renden Automatisierungsl\u00f6sungen. Gebaut werden die Werkzeuge bei unserem Schwesterunternehmen, der <a href=\"https:\/\/www.klimmer-gmbh.de\/\" target=\"_blank\" rel=\"noopener\">Ernst Klimmer GmbH<\/a> oder umliegenden Partnern. Die Wartung und Instandhaltung erfolgt in St. Georgen. Hierzu steht uns ein umfassender Maschinenpark zur Verf\u00fcgung.<\/p>\n<\/div><\/section><\/p><\/div><\/div><!--close column table wrapper. Autoclose: 1 -->\n","protected":false},"excerpt":{"rendered":"","protected":false},"author":2,"featured_media":0,"parent":0,"menu_order":0,"comment_status":"closed","ping_status":"closed","template":"","meta":{"inline_featured_image":false,"footnotes":""},"class_list":["post-1306","page","type-page","status-publish","hentry"],"yoast_head":"<!-- This site is optimized with the Yoast SEO plugin v26.2 - https:\/\/yoast.com\/wordpress\/plugins\/seo\/ -->\n<title>Werkzeugbau \u2013 h\u00f6chste Kompetenz f\u00fcr mehr Effizienz<\/title>\n<meta name=\"description\" content=\"Entwicklung, Simulation und Konstruktion der komplexesten Stanz- und Umformwerkzeuge sowie der zugeh\u00f6renden Automatisierungsl\u00f6sungen.\" \/>\n<meta name=\"robots\" content=\"index, follow, max-snippet:-1, max-image-preview:large, max-video-preview:-1\" \/>\n<link rel=\"canonical\" href=\"https:\/\/www.hmtgmbh.de\/de\/werkzeugbau\/\" \/>\n<meta property=\"og:locale\" content=\"de_DE\" \/>\n<meta property=\"og:type\" content=\"article\" \/>\n<meta property=\"og:title\" content=\"Werkzeugbau \u2013 h\u00f6chste Kompetenz f\u00fcr mehr Effizienz\" \/>\n<meta property=\"og:description\" content=\"Entwicklung, Simulation und Konstruktion der komplexesten Stanz- und Umformwerkzeuge sowie der zugeh\u00f6renden Automatisierungsl\u00f6sungen.\" \/>\n<meta property=\"og:url\" content=\"https:\/\/www.hmtgmbh.de\/de\/werkzeugbau\/\" \/>\n<meta property=\"og:site_name\" content=\"HMT\" \/>\n<meta property=\"article:modified_time\" content=\"2026-03-31T07:08:03+00:00\" \/>\n<meta name=\"twitter:card\" content=\"summary_large_image\" \/>\n<meta name=\"twitter:label1\" content=\"Gesch\u00e4tzte Lesezeit\" \/>\n\t<meta name=\"twitter:data1\" content=\"1\u00a0Minute\" \/>\n<script type=\"application\/ld+json\" class=\"yoast-schema-graph\">{\"@context\":\"https:\/\/schema.org\",\"@graph\":[{\"@type\":\"WebPage\",\"@id\":\"https:\/\/www.hmtgmbh.de\/de\/werkzeugbau\/\",\"url\":\"https:\/\/www.hmtgmbh.de\/de\/werkzeugbau\/\",\"name\":\"Werkzeugbau \u2013 h\u00f6chste Kompetenz f\u00fcr mehr Effizienz\",\"isPartOf\":{\"@id\":\"https:\/\/www.hmtgmbh.de\/de\/#website\"},\"datePublished\":\"2021-02-22T13:47:06+00:00\",\"dateModified\":\"2026-03-31T07:08:03+00:00\",\"description\":\"Entwicklung, Simulation und Konstruktion der komplexesten Stanz- und Umformwerkzeuge sowie der zugeh\u00f6renden Automatisierungsl\u00f6sungen.\",\"breadcrumb\":{\"@id\":\"https:\/\/www.hmtgmbh.de\/de\/werkzeugbau\/#breadcrumb\"},\"inLanguage\":\"de\",\"potentialAction\":[{\"@type\":\"ReadAction\",\"target\":[\"https:\/\/www.hmtgmbh.de\/de\/werkzeugbau\/\"]}]},{\"@type\":\"BreadcrumbList\",\"@id\":\"https:\/\/www.hmtgmbh.de\/de\/werkzeugbau\/#breadcrumb\",\"itemListElement\":[{\"@type\":\"ListItem\",\"position\":1,\"name\":\"Startseite\",\"item\":\"https:\/\/www.hmtgmbh.de\/de\/startseite\/\"},{\"@type\":\"ListItem\",\"position\":2,\"name\":\"Werkzeugbau\"}]},{\"@type\":\"WebSite\",\"@id\":\"https:\/\/www.hmtgmbh.de\/de\/#website\",\"url\":\"https:\/\/www.hmtgmbh.de\/de\/\",\"name\":\"HMT\",\"description\":\"DIE REINSTE PR\u00c4ZISION\",\"potentialAction\":[{\"@type\":\"SearchAction\",\"target\":{\"@type\":\"EntryPoint\",\"urlTemplate\":\"https:\/\/www.hmtgmbh.de\/de\/?s={search_term_string}\"},\"query-input\":{\"@type\":\"PropertyValueSpecification\",\"valueRequired\":true,\"valueName\":\"search_term_string\"}}],\"inLanguage\":\"de\"}]}<\/script>\n<!-- \/ Yoast SEO plugin. -->","yoast_head_json":{"title":"Werkzeugbau \u2013 h\u00f6chste Kompetenz f\u00fcr mehr Effizienz","description":"Entwicklung, Simulation und Konstruktion der komplexesten Stanz- und Umformwerkzeuge sowie der zugeh\u00f6renden Automatisierungsl\u00f6sungen.","robots":{"index":"index","follow":"follow","max-snippet":"max-snippet:-1","max-image-preview":"max-image-preview:large","max-video-preview":"max-video-preview:-1"},"canonical":"https:\/\/www.hmtgmbh.de\/de\/werkzeugbau\/","og_locale":"de_DE","og_type":"article","og_title":"Werkzeugbau \u2013 h\u00f6chste Kompetenz f\u00fcr mehr Effizienz","og_description":"Entwicklung, Simulation und Konstruktion der komplexesten Stanz- und Umformwerkzeuge sowie der zugeh\u00f6renden Automatisierungsl\u00f6sungen.","og_url":"https:\/\/www.hmtgmbh.de\/de\/werkzeugbau\/","og_site_name":"HMT","article_modified_time":"2026-03-31T07:08:03+00:00","twitter_card":"summary_large_image","twitter_misc":{"Gesch\u00e4tzte Lesezeit":"1\u00a0Minute"},"schema":{"@context":"https:\/\/schema.org","@graph":[{"@type":"WebPage","@id":"https:\/\/www.hmtgmbh.de\/de\/werkzeugbau\/","url":"https:\/\/www.hmtgmbh.de\/de\/werkzeugbau\/","name":"Werkzeugbau \u2013 h\u00f6chste Kompetenz f\u00fcr mehr Effizienz","isPartOf":{"@id":"https:\/\/www.hmtgmbh.de\/de\/#website"},"datePublished":"2021-02-22T13:47:06+00:00","dateModified":"2026-03-31T07:08:03+00:00","description":"Entwicklung, Simulation und Konstruktion der komplexesten Stanz- und Umformwerkzeuge sowie der zugeh\u00f6renden Automatisierungsl\u00f6sungen.","breadcrumb":{"@id":"https:\/\/www.hmtgmbh.de\/de\/werkzeugbau\/#breadcrumb"},"inLanguage":"de","potentialAction":[{"@type":"ReadAction","target":["https:\/\/www.hmtgmbh.de\/de\/werkzeugbau\/"]}]},{"@type":"BreadcrumbList","@id":"https:\/\/www.hmtgmbh.de\/de\/werkzeugbau\/#breadcrumb","itemListElement":[{"@type":"ListItem","position":1,"name":"Startseite","item":"https:\/\/www.hmtgmbh.de\/de\/startseite\/"},{"@type":"ListItem","position":2,"name":"Werkzeugbau"}]},{"@type":"WebSite","@id":"https:\/\/www.hmtgmbh.de\/de\/#website","url":"https:\/\/www.hmtgmbh.de\/de\/","name":"HMT","description":"DIE REINSTE PR\u00c4ZISION","potentialAction":[{"@type":"SearchAction","target":{"@type":"EntryPoint","urlTemplate":"https:\/\/www.hmtgmbh.de\/de\/?s={search_term_string}"},"query-input":{"@type":"PropertyValueSpecification","valueRequired":true,"valueName":"search_term_string"}}],"inLanguage":"de"}]}},"_links":{"self":[{"href":"https:\/\/www.hmtgmbh.de\/de\/wp-json\/wp\/v2\/pages\/1306","targetHints":{"allow":["GET"]}}],"collection":[{"href":"https:\/\/www.hmtgmbh.de\/de\/wp-json\/wp\/v2\/pages"}],"about":[{"href":"https:\/\/www.hmtgmbh.de\/de\/wp-json\/wp\/v2\/types\/page"}],"author":[{"embeddable":true,"href":"https:\/\/www.hmtgmbh.de\/de\/wp-json\/wp\/v2\/users\/2"}],"replies":[{"embeddable":true,"href":"https:\/\/www.hmtgmbh.de\/de\/wp-json\/wp\/v2\/comments?post=1306"}],"version-history":[{"count":25,"href":"https:\/\/www.hmtgmbh.de\/de\/wp-json\/wp\/v2\/pages\/1306\/revisions"}],"predecessor-version":[{"id":4462,"href":"https:\/\/www.hmtgmbh.de\/de\/wp-json\/wp\/v2\/pages\/1306\/revisions\/4462"}],"wp:attachment":[{"href":"https:\/\/www.hmtgmbh.de\/de\/wp-json\/wp\/v2\/media?parent=1306"}],"curies":[{"name":"wp","href":"https:\/\/api.w.org\/{rel}","templated":true}]}}